{"id":278,"date":"2025-12-30T09:14:39","date_gmt":"2025-12-30T08:14:39","guid":{"rendered":"https:\/\/gfcw.de\/wp\/?page_id=278"},"modified":"2026-03-19T14:15:07","modified_gmt":"2026-03-19T13:15:07","slug":"aktuelles","status":"publish","type":"page","link":"https:\/\/gfcw.de\/wp\/aktuelles\/","title":{"rendered":"Aktuelles"},"content":{"rendered":"\t\t<div data-elementor-type=\"wp-page\" data-elementor-id=\"278\" class=\"elementor elementor-278\">\n\t\t\t\t<div class=\"elementor-element elementor-element-fa2a15e e-grid e-con-boxed elementor-invisible e-con e-parent\" data-id=\"fa2a15e\" data-element_type=\"container\" data-e-type=\"container\" data-settings=\"{&quot;background_background&quot;:&quot;classic&quot;,&quot;animation&quot;:&quot;fadeInDown&quot;}\">\n\t\t\t\t\t<div class=\"e-con-inner\">\n\t\t\t\t<div class=\"elementor-element elementor-element-113fd7b elementor-widget elementor-widget-text-editor\" data-id=\"113fd7b\" data-element_type=\"widget\" data-e-type=\"widget\" data-widget_type=\"text-editor.default\">\n\t\t\t\t\t\t\t\t\t<p>DAS NEUESTE AUS DER <strong>GFCW-GALAXY<\/strong><\/p>\t\t\t\t\t\t\t\t<\/div>\n\t\t\t\t\t<\/div>\n\t\t\t\t<\/div>\n\t\t<div class=\"elementor-element elementor-element-57204e0 e-flex e-con-boxed e-con e-parent\" data-id=\"57204e0\" data-element_type=\"container\" data-e-type=\"container\">\n\t\t\t\t\t<div class=\"e-con-inner\">\n\t\t<div class=\"elementor-element elementor-element-0418885 e-con-full e-flex e-con e-child\" data-id=\"0418885\" data-element_type=\"container\" data-e-type=\"container\">\n\t\t\t\t<div class=\"elementor-element elementor-element-7ce7936 elementor-widget elementor-widget-spacer\" data-id=\"7ce7936\" data-element_type=\"widget\" data-e-type=\"widget\" data-widget_type=\"spacer.default\">\n\t\t\t\t\t\t\t<div class=\"elementor-spacer\">\n\t\t\t<div class=\"elementor-spacer-inner\"><\/div>\n\t\t<\/div>\n\t\t\t\t\t\t<\/div>\n\t\t\t\t<div class=\"elementor-element elementor-element-870b387 premium-blog-align-left elementor-invisible elementor-widget elementor-widget-premium-addon-blog\" data-id=\"870b387\" data-element_type=\"widget\" data-e-type=\"widget\" data-settings=\"{&quot;premium_blog_columns_number&quot;:&quot;100%&quot;,&quot;premium_blog_columns_number_tablet&quot;:&quot;100%&quot;,&quot;_animation&quot;:&quot;fadeInLeft&quot;,&quot;premium_blog_grid&quot;:&quot;yes&quot;,&quot;premium_blog_layout&quot;:&quot;even&quot;,&quot;premium_blog_columns_number_mobile&quot;:&quot;100%&quot;}\" data-widget_type=\"premium-addon-blog.default\">\n\t\t\t\t\t\n\t\t\n\n\t\t\t\t<div class=\"premium-blog-wrap  premium-blog-even\" data-page=\"278\">\n\t\t\t\t\t\t\t\t\t<div class=\"premium-blog-post-outer-container\" data-total=\"1\">\n\t\t\t<div class=\"premium-blog-post-container premium-blog-skin-classic\">\n\t\t\t\t\t\t\t\t\t\t\t\t<div class=\"premium-blog-content-wrapper empty-thumb\">\n\n\t\t\t\t\t<div class=\"premium-blog-inner-container\">\n\n\t\t\t\t\t\t\t\t\t\t\t\t\t\t<h2 class=\"premium-blog-entry-title\">\n\t\t\t<a href=\"https:\/\/gfcw.de\/wp\/aktuelle-titeltraeger\/\" target=\"_blank\">\n\t\t\t\tAktuelle Titeltr\u00e4ger\t\t\t<\/a>\n\t\t<\/h2>\n\t\t\t\t<div class=\"premium-blog-entry-meta\">\n\t\t\t\n\t\t\t\n\t\t\t\n\t\t\t\t\t<\/div>\n\t\t\n\t\t\t\t\t<\/div>\n\n\t\t\t\t\t\t\t<div class=\"premium-blog-content-inner-wrapper\">\n\t\t\n<figure class=\"wp-block-image size-full is-resized\"><img fetchpriority=\"high\" fetchpriority=\"high\" decoding=\"async\" width=\"899\" height=\"455\" src=\"https:\/\/gfcw.de\/wp\/wp-content\/uploads\/2025\/12\/Titel2.png\" alt=\"\" class=\"wp-image-507\" style=\"aspect-ratio:1.9758735745975873;width:254px;height:auto\" srcset=\"https:\/\/gfcw.de\/wp\/wp-content\/uploads\/2025\/12\/Titel2.png 899w, https:\/\/gfcw.de\/wp\/wp-content\/uploads\/2025\/12\/Titel2-300x152.png 300w, https:\/\/gfcw.de\/wp\/wp-content\/uploads\/2025\/12\/Titel2-768x389.png 768w\" sizes=\"(max-width: 899px) 100vw, 899px\" \/><\/figure>\n\n\n\n<p><\/p>\n\n\n\n<p class=\"has-text-align-left has-small-font-size\"><strong><em>GFCW Heavyweight Title<\/em><br><\/strong>The End (seit 14.12.2025)<\/p>\n\n\n\n<figure class=\"wp-block-image size-full is-resized\"><img decoding=\"async\" width=\"1024\" height=\"559\" src=\"https:\/\/gfcw.de\/wp\/wp-content\/uploads\/2025\/12\/TitelIC.png\" alt=\"\" class=\"wp-image-515\" style=\"aspect-ratio:1.8318659278648401;width:258px;height:auto\" srcset=\"https:\/\/gfcw.de\/wp\/wp-content\/uploads\/2025\/12\/TitelIC.png 1024w, https:\/\/gfcw.de\/wp\/wp-content\/uploads\/2025\/12\/TitelIC-300x164.png 300w, https:\/\/gfcw.de\/wp\/wp-content\/uploads\/2025\/12\/TitelIC-768x419.png 768w\" sizes=\"(max-width: 1024px) 100vw, 1024px\" \/><\/figure>\n\n\n\n<p><\/p>\n\n\n\n<p class=\"has-small-font-size\"><em><strong>GFCW Intercontinental Title<br><\/strong><\/em>Zac Alonso (seit 08.03.2026)<\/p>\n\n\n\n<figure class=\"wp-block-image size-full is-resized\"><img decoding=\"async\" width=\"1024\" height=\"565\" src=\"https:\/\/gfcw.de\/wp\/wp-content\/uploads\/2025\/12\/TitelITT.png\" alt=\"\" class=\"wp-image-522\" style=\"aspect-ratio:1.8123969999663674;width:256px;height:auto\" srcset=\"https:\/\/gfcw.de\/wp\/wp-content\/uploads\/2025\/12\/TitelITT.png 1024w, https:\/\/gfcw.de\/wp\/wp-content\/uploads\/2025\/12\/TitelITT-300x166.png 300w, https:\/\/gfcw.de\/wp\/wp-content\/uploads\/2025\/12\/TitelITT-768x424.png 768w\" sizes=\"(max-width: 1024px) 100vw, 1024px\" \/><\/figure>\n\n\n\n<p><\/p>\n\n\n\n<p class=\"has-small-font-size\"><em><strong>GFCW Tag Team Title<br><\/strong><\/em>Zerbeus: Zereo Killer und Morbeus  (seit 08.03.2026)<\/p>\n\n\n\n<p><\/p>\n\t\t<\/div>\n\t\t\t\t\t\t\t\n\t\t\t\t<\/div>\n\t\t\t<\/div>\n\t\t<\/div>\n\n\t\t\t\t\t\t\t<\/div>\n\n\t\t\n\t\t\n\t\t\t\t\t\t<\/div>\n\t\t\t\t<div class=\"elementor-element elementor-element-c24b4f5 elementor-button-info elementor-align-center elementor-widget elementor-widget-button\" data-id=\"c24b4f5\" data-element_type=\"widget\" data-e-type=\"widget\" data-widget_type=\"button.default\">\n\t\t\t\t\t\t\t\t\t\t<a class=\"elementor-button elementor-button-link elementor-size-sm\" href=\"mailto:%20gfcwinfo@gmx.de\">\n\t\t\t\t\t\t<span class=\"elementor-button-content-wrapper\">\n\t\t\t\t\t\t\t\t\t<span class=\"elementor-button-text\">Anmeldung f\u00fcr den Newsletter<\/span>\n\t\t\t\t\t<\/span>\n\t\t\t\t\t<\/a>\n\t\t\t\t\t\t\t\t<\/div>\n\t\t\t\t<\/div>\n\t\t<div class=\"elementor-element elementor-element-b5a5729 e-con-full e-flex e-con e-child\" data-id=\"b5a5729\" data-element_type=\"container\" data-e-type=\"container\">\n\t\t\t\t<div class=\"elementor-element elementor-element-19f95f8 premium-blog-align-left elementor-invisible elementor-widget elementor-widget-premium-addon-blog\" data-id=\"19f95f8\" data-element_type=\"widget\" data-e-type=\"widget\" data-settings=\"{&quot;premium_blog_columns_number&quot;:&quot;100%&quot;,&quot;premium_blog_columns_number_tablet&quot;:&quot;100%&quot;,&quot;_animation&quot;:&quot;fadeInUp&quot;,&quot;premium_blog_grid&quot;:&quot;yes&quot;,&quot;premium_blog_layout&quot;:&quot;even&quot;,&quot;premium_blog_columns_number_mobile&quot;:&quot;100%&quot;}\" data-widget_type=\"premium-addon-blog.default\">\n\t\t\t\t\t\n\t\t\n\n\t\t\t\t<div class=\"premium-blog-wrap  premium-blog-even\" data-page=\"278\">\n\t\t\t\t\t\t\t\t\t<div class=\"premium-blog-post-outer-container\" data-total=\"4\">\n\t\t\t<div class=\"premium-blog-post-container premium-blog-skin-classic\">\n\t\t\t\t\t\t\t\t\t<div class=\"premium-blog-thumb-effect-wrapper\">\n\t\t\t\t\t\t<div class=\"premium-blog-thumbnail-container premium-blog-zoomin-effect\">\n\t\t\t\t\t\t\t<img loading=\"lazy\" decoding=\"async\" width=\"409\" height=\"409\" src=\"https:\/\/gfcw.de\/wp\/wp-content\/uploads\/2025\/12\/cropped-HoF-1.jpg\" class=\"attachment-large size-large wp-image-1808\" alt=\"\" srcset=\"https:\/\/gfcw.de\/wp\/wp-content\/uploads\/2025\/12\/cropped-HoF-1.jpg 409w, https:\/\/gfcw.de\/wp\/wp-content\/uploads\/2025\/12\/cropped-HoF-1-300x300.jpg 300w, https:\/\/gfcw.de\/wp\/wp-content\/uploads\/2025\/12\/cropped-HoF-1-150x150.jpg 150w\" sizes=\"(max-width: 409px) 100vw, 409px\" \/>\t\t\t\t\t\t<\/div>\n\t\t\t\t\t\t\t\t\t\t\t\t\t<div class=\"premium-blog-thumbnail-overlay\">\n\t\t\t\t\t\t\t\t<a class=\"elementor-icon\" href=\"https:\/\/gfcw.de\/wp\/robert-breads-die-statistik-zum-karriereende\/\" target=\"_blank\"><\/a>\n\t\t\t\t\t\t\t<\/div>\n\n\t\t\t\t\t\t\t\t\t\t\t\t\t\t\t\t\t\t<\/div>\n\t\t\t\t\t\t\t\t\t\t\t\t<div class=\"premium-blog-content-wrapper \">\n\n\t\t\t\t\t<div class=\"premium-blog-inner-container\">\n\n\t\t\t\t\t\t\t\t\t\t\t\t\t\t<h2 class=\"premium-blog-entry-title\">\n\t\t\t<a href=\"https:\/\/gfcw.de\/wp\/robert-breads-die-statistik-zum-karriereende\/\" target=\"_blank\">\n\t\t\t\tRobert Breads: Die Statistik zum Karriereende\t\t\t<\/a>\n\t\t<\/h2>\n\t\t\t\t<div class=\"premium-blog-entry-meta\">\n\t\t\t\n\t\t\t\t\t\t\t<span class=\"premium-blog-meta-separator\">\u2022<\/span>\n\t\t\t\t<div class=\"premium-blog-post-time premium-blog-meta-data\">\n\t\t\t\t\t<i class=\"fa fa-calendar-alt\" aria-hidden=\"true\"><\/i>\n\t\t\t\t\t<span>9. M\u00e4rz 2026<\/span>\n\t\t\t\t<\/div>\n\t\t\t\n\t\t\t\n\t\t\t\t\t<\/div>\n\t\t\n\t\t\t\t\t<\/div>\n\n\t\t\t\t\t\t\t<div class=\"premium-blog-content-inner-wrapper\">\n\t\t<p class=\"premium-blog-post-content\">Bei der GFCW 25th Anniversary Show am 08.03.2026 war es soweit: Die lange und illustre Karriere von Robert Breads fand ein Ende. Es wurden alle Emotionen gef\u00fchlt, es wurde in Erinnerungen geschwelgt, aber eins wurde noch nicht getan: knallhart auf die Zahlen geguckt. War die Karriere von Breads wirklich die einer Legende oder war sie...<\/p><div class=\"premium-blog-excerpt-link-wrap\"><a href=\"https:\/\/gfcw.de\/wp\/robert-breads-die-statistik-zum-karriereende\/\" target=\"_blank\" class=\"premium-blog-excerpt-link elementor-button\">Weiterlesen \u00bb<\/a><\/div>\t\t<\/div>\n\t\t\t\t\t\t\t\n\t\t\t\t<\/div>\n\t\t\t<\/div>\n\t\t<\/div>\n\n\t\t\t\t<div class=\"premium-blog-post-outer-container\" data-total=\"4\">\n\t\t\t<div class=\"premium-blog-post-container premium-blog-skin-classic\">\n\t\t\t\t\t\t\t\t\t<div class=\"premium-blog-thumb-effect-wrapper\">\n\t\t\t\t\t\t<div class=\"premium-blog-thumbnail-container premium-blog-zoomin-effect\">\n\t\t\t\t\t\t\t<img loading=\"lazy\" decoding=\"async\" width=\"937\" height=\"691\" src=\"https:\/\/gfcw.de\/wp\/wp-content\/uploads\/2025\/12\/Anniversary.png\" class=\"attachment-large size-large wp-image-725\" alt=\"\" srcset=\"https:\/\/gfcw.de\/wp\/wp-content\/uploads\/2025\/12\/Anniversary.png 937w, https:\/\/gfcw.de\/wp\/wp-content\/uploads\/2025\/12\/Anniversary-300x221.png 300w, https:\/\/gfcw.de\/wp\/wp-content\/uploads\/2025\/12\/Anniversary-768x566.png 768w\" sizes=\"(max-width: 937px) 100vw, 937px\" \/>\t\t\t\t\t\t<\/div>\n\t\t\t\t\t\t\t\t\t\t\t\t\t<div class=\"premium-blog-thumbnail-overlay\">\n\t\t\t\t\t\t\t\t<a class=\"elementor-icon\" href=\"https:\/\/gfcw.de\/wp\/25-jahre-gfcw-die-stories-hinter-der-anniversary-show-teil-2-von-3-2\/\" target=\"_blank\"><\/a>\n\t\t\t\t\t\t\t<\/div>\n\n\t\t\t\t\t\t\t\t\t\t\t\t\t\t\t\t\t\t<\/div>\n\t\t\t\t\t\t\t\t\t\t\t\t<div class=\"premium-blog-content-wrapper \">\n\n\t\t\t\t\t<div class=\"premium-blog-inner-container\">\n\n\t\t\t\t\t\t\t\t\t\t\t\t\t\t<h2 class=\"premium-blog-entry-title\">\n\t\t\t<a href=\"https:\/\/gfcw.de\/wp\/25-jahre-gfcw-die-stories-hinter-der-anniversary-show-teil-2-von-3-2\/\" target=\"_blank\">\n\t\t\t\t25 Jahre GFCW: Die Stories hinter der Anniversary Show (Teil 3 von 3)\t\t\t<\/a>\n\t\t<\/h2>\n\t\t\t\t<div class=\"premium-blog-entry-meta\">\n\t\t\t\n\t\t\t\t\t\t\t<span class=\"premium-blog-meta-separator\">\u2022<\/span>\n\t\t\t\t<div class=\"premium-blog-post-time premium-blog-meta-data\">\n\t\t\t\t\t<i class=\"fa fa-calendar-alt\" aria-hidden=\"true\"><\/i>\n\t\t\t\t\t<span>6. M\u00e4rz 2026<\/span>\n\t\t\t\t<\/div>\n\t\t\t\n\t\t\t\n\t\t\t\t\t<\/div>\n\t\t\n\t\t\t\t\t<\/div>\n\n\t\t\t\t\t\t\t<div class=\"premium-blog-content-inner-wrapper\">\n\t\t<p class=\"premium-blog-post-content\">25 Jahre GFCW. Ein Vierteljahrhundert Wrestling wird im M\u00e4rz mit einem der gr\u00f6\u00dften PPV der Ligengeschichte zelebriert. Um allen internen wie externen Lesenden einen Einblick zu geben, welche Stories die Traditionsliga im Jahr 2026 bewegen, gibt es diese dreiteilige Vorschau, in der die Hintergrunde und Fehden besprochen werden, die zu den neun Matches auf der...<\/p><div class=\"premium-blog-excerpt-link-wrap\"><a href=\"https:\/\/gfcw.de\/wp\/25-jahre-gfcw-die-stories-hinter-der-anniversary-show-teil-2-von-3-2\/\" target=\"_blank\" class=\"premium-blog-excerpt-link elementor-button\">Weiterlesen \u00bb<\/a><\/div>\t\t<\/div>\n\t\t\t\t\t\t\t\n\t\t\t\t<\/div>\n\t\t\t<\/div>\n\t\t<\/div>\n\n\t\t\t\t<div class=\"premium-blog-post-outer-container\" data-total=\"4\">\n\t\t\t<div class=\"premium-blog-post-container premium-blog-skin-classic\">\n\t\t\t\t\t\t\t\t\t<div class=\"premium-blog-thumb-effect-wrapper\">\n\t\t\t\t\t\t<div class=\"premium-blog-thumbnail-container premium-blog-zoomin-effect\">\n\t\t\t\t\t\t\t<img loading=\"lazy\" decoding=\"async\" width=\"937\" height=\"691\" src=\"https:\/\/gfcw.de\/wp\/wp-content\/uploads\/2025\/12\/Anniversary.png\" class=\"attachment-large size-large wp-image-725\" alt=\"\" srcset=\"https:\/\/gfcw.de\/wp\/wp-content\/uploads\/2025\/12\/Anniversary.png 937w, https:\/\/gfcw.de\/wp\/wp-content\/uploads\/2025\/12\/Anniversary-300x221.png 300w, https:\/\/gfcw.de\/wp\/wp-content\/uploads\/2025\/12\/Anniversary-768x566.png 768w\" sizes=\"(max-width: 937px) 100vw, 937px\" \/>\t\t\t\t\t\t<\/div>\n\t\t\t\t\t\t\t\t\t\t\t\t\t<div class=\"premium-blog-thumbnail-overlay\">\n\t\t\t\t\t\t\t\t<a class=\"elementor-icon\" href=\"https:\/\/gfcw.de\/wp\/25-jahre-gfcw-die-stories-hinter-der-anniversary-show-teil-2-von-3\/\" target=\"_blank\"><\/a>\n\t\t\t\t\t\t\t<\/div>\n\n\t\t\t\t\t\t\t\t\t\t\t\t\t\t\t\t\t\t<\/div>\n\t\t\t\t\t\t\t\t\t\t\t\t<div class=\"premium-blog-content-wrapper \">\n\n\t\t\t\t\t<div class=\"premium-blog-inner-container\">\n\n\t\t\t\t\t\t\t\t\t\t\t\t\t\t<h2 class=\"premium-blog-entry-title\">\n\t\t\t<a href=\"https:\/\/gfcw.de\/wp\/25-jahre-gfcw-die-stories-hinter-der-anniversary-show-teil-2-von-3\/\" target=\"_blank\">\n\t\t\t\t25 Jahre GFCW: Die Stories hinter der Anniversary Show (Teil 2 von 3)\t\t\t<\/a>\n\t\t<\/h2>\n\t\t\t\t<div class=\"premium-blog-entry-meta\">\n\t\t\t\n\t\t\t\t\t\t\t<span class=\"premium-blog-meta-separator\">\u2022<\/span>\n\t\t\t\t<div class=\"premium-blog-post-time premium-blog-meta-data\">\n\t\t\t\t\t<i class=\"fa fa-calendar-alt\" aria-hidden=\"true\"><\/i>\n\t\t\t\t\t<span>27. Februar 2026<\/span>\n\t\t\t\t<\/div>\n\t\t\t\n\t\t\t\n\t\t\t\t\t<\/div>\n\t\t\n\t\t\t\t\t<\/div>\n\n\t\t\t\t\t\t\t<div class=\"premium-blog-content-inner-wrapper\">\n\t\t<p class=\"premium-blog-post-content\">25 Jahre GFCW. Ein Vierteljahrhundert Wrestling wird im M\u00e4rz mit einem der gr\u00f6\u00dften PPV der Ligengeschichte zelebriert. Um allen internen wie externen Lesenden einen Einblick zu geben, welche Stories die Traditionsliga im Jahr 2026 bewegen, gibt es diese dreiteilige Vorschau, in der die Hintergrunde und Fehden besprochen werden, die zu den neun Matches auf der...<\/p><div class=\"premium-blog-excerpt-link-wrap\"><a href=\"https:\/\/gfcw.de\/wp\/25-jahre-gfcw-die-stories-hinter-der-anniversary-show-teil-2-von-3\/\" target=\"_blank\" class=\"premium-blog-excerpt-link elementor-button\">Weiterlesen \u00bb<\/a><\/div>\t\t<\/div>\n\t\t\t\t\t\t\t\n\t\t\t\t<\/div>\n\t\t\t<\/div>\n\t\t<\/div>\n\n\t\t\t\t<div class=\"premium-blog-post-outer-container\" data-total=\"4\">\n\t\t\t<div class=\"premium-blog-post-container premium-blog-skin-classic\">\n\t\t\t\t\t\t\t\t\t<div class=\"premium-blog-thumb-effect-wrapper\">\n\t\t\t\t\t\t<div class=\"premium-blog-thumbnail-container premium-blog-zoomin-effect\">\n\t\t\t\t\t\t\t<img loading=\"lazy\" decoding=\"async\" width=\"937\" height=\"691\" src=\"https:\/\/gfcw.de\/wp\/wp-content\/uploads\/2025\/12\/Anniversary.png\" class=\"attachment-large size-large wp-image-725\" alt=\"\" srcset=\"https:\/\/gfcw.de\/wp\/wp-content\/uploads\/2025\/12\/Anniversary.png 937w, https:\/\/gfcw.de\/wp\/wp-content\/uploads\/2025\/12\/Anniversary-300x221.png 300w, https:\/\/gfcw.de\/wp\/wp-content\/uploads\/2025\/12\/Anniversary-768x566.png 768w\" sizes=\"(max-width: 937px) 100vw, 937px\" \/>\t\t\t\t\t\t<\/div>\n\t\t\t\t\t\t\t\t\t\t\t\t\t<div class=\"premium-blog-thumbnail-overlay\">\n\t\t\t\t\t\t\t\t<a class=\"elementor-icon\" href=\"https:\/\/gfcw.de\/wp\/25-jahre-gfcw-die-stories-hinter-der-anniversary-show-teil-1-von-3\/\" target=\"_blank\"><\/a>\n\t\t\t\t\t\t\t<\/div>\n\n\t\t\t\t\t\t\t\t\t\t\t\t\t\t\t\t\t\t<\/div>\n\t\t\t\t\t\t\t\t\t\t\t\t<div class=\"premium-blog-content-wrapper \">\n\n\t\t\t\t\t<div class=\"premium-blog-inner-container\">\n\n\t\t\t\t\t\t\t\t\t\t\t\t\t\t<h2 class=\"premium-blog-entry-title\">\n\t\t\t<a href=\"https:\/\/gfcw.de\/wp\/25-jahre-gfcw-die-stories-hinter-der-anniversary-show-teil-1-von-3\/\" target=\"_blank\">\n\t\t\t\t25 Jahre GFCW: Die Stories hinter der Anniversary Show (Teil 1 von 3)\t\t\t<\/a>\n\t\t<\/h2>\n\t\t\t\t<div class=\"premium-blog-entry-meta\">\n\t\t\t\n\t\t\t\t\t\t\t<span class=\"premium-blog-meta-separator\">\u2022<\/span>\n\t\t\t\t<div class=\"premium-blog-post-time premium-blog-meta-data\">\n\t\t\t\t\t<i class=\"fa fa-calendar-alt\" aria-hidden=\"true\"><\/i>\n\t\t\t\t\t<span>23. Februar 2026<\/span>\n\t\t\t\t<\/div>\n\t\t\t\n\t\t\t\n\t\t\t\t\t<\/div>\n\t\t\n\t\t\t\t\t<\/div>\n\n\t\t\t\t\t\t\t<div class=\"premium-blog-content-inner-wrapper\">\n\t\t<p class=\"premium-blog-post-content\">25 Jahre GFCW. Ein Vierteljahrhundert Wrestling wird im M\u00e4rz mit einem der gr\u00f6\u00dften PPV der Ligengeschichte zelebriert. Um allen internen wie externen Lesenden einen Einblick zu geben, welche Stories die Traditionsliga im Jahr 2026 bewegen, gibt es diese dreiteilige Vorschau, in der die Hintergrunde und Fehden besprochen werden, die zu den neun Matches auf der...<\/p><div class=\"premium-blog-excerpt-link-wrap\"><a href=\"https:\/\/gfcw.de\/wp\/25-jahre-gfcw-die-stories-hinter-der-anniversary-show-teil-1-von-3\/\" target=\"_blank\" class=\"premium-blog-excerpt-link elementor-button\">Weiterlesen \u00bb<\/a><\/div>\t\t<\/div>\n\t\t\t\t\t\t\t\n\t\t\t\t<\/div>\n\t\t\t<\/div>\n\t\t<\/div>\n\n\t\t\t\t\t\t\t<\/div>\n\n\t\t\n\t\t\n\t\t\t\t\t\t<\/div>\n\t\t\t\t<\/div>\n\t\t<div class=\"elementor-element elementor-element-9f9b737 e-con-full e-flex e-con e-child\" data-id=\"9f9b737\" data-element_type=\"container\" data-e-type=\"container\">\n\t\t\t\t<div class=\"elementor-element elementor-element-b86eb8a premium-blog-align-left elementor-invisible elementor-widget elementor-widget-premium-addon-blog\" data-id=\"b86eb8a\" data-element_type=\"widget\" data-e-type=\"widget\" data-settings=\"{&quot;premium_blog_columns_number&quot;:&quot;100%&quot;,&quot;premium_blog_columns_number_tablet&quot;:&quot;100%&quot;,&quot;_animation&quot;:&quot;fadeInRight&quot;,&quot;premium_blog_grid&quot;:&quot;yes&quot;,&quot;premium_blog_layout&quot;:&quot;even&quot;,&quot;premium_blog_columns_number_mobile&quot;:&quot;100%&quot;}\" data-widget_type=\"premium-addon-blog.default\">\n\t\t\t\t\t\n\t\t\n\n\t\t\t\t<div class=\"premium-blog-wrap  premium-blog-even\" data-page=\"278\">\n\t\t\t\t\t\t\t\t\t<div class=\"premium-blog-post-outer-container\" data-total=\"1\">\n\t\t\t<div class=\"premium-blog-post-container premium-blog-skin-classic\">\n\t\t\t\t\t\t\t\t\t\t\t\t<div class=\"premium-blog-content-wrapper empty-thumb\">\n\n\t\t\t\t\t<div class=\"premium-blog-inner-container\">\n\n\t\t\t\t\t\t\t\t\t\t\t\t\t\t<h2 class=\"premium-blog-entry-title\">\n\t\t\t<a href=\"https:\/\/gfcw.de\/wp\/aktuelle-card\/\" target=\"_blank\">\n\t\t\t\tAktuelle Card\t\t\t<\/a>\n\t\t<\/h2>\n\t\t\t\t<div class=\"premium-blog-entry-meta\">\n\t\t\t\n\t\t\t\n\t\t\t\n\t\t\t\t\t<\/div>\n\t\t\n\t\t\t\t\t<\/div>\n\n\t\t\t\t\t\t\t<div class=\"premium-blog-content-inner-wrapper\">\n\t\t\n<p><strong>War Evening, bigBOX Allg\u00e4u (Kempten, 5.500 Zuschauer), 17.04.2026<\/strong><\/p>\n\n\n\n<p>&lt;&lt;&lt;&lt; RP-Abgabe: Mittwoch, 15.04.2026, 23:59:59 Uhr, Match-Abgabe: Freitag, 17.04.2026, 18 Uhr &gt;&gt;&gt;&gt;<\/p>\n\n\n\n<p>Tag Team-Re-Match:<br>Die Basketballer (James Hightower &amp; Chris Dimer) vs. Zwei talentierte Jungwrestler aus der Region<br>Referee: Karo Herzog<br><br>6 Men-Tag Team Match:<br>Iopeka &amp; Bella Venera &amp; Ben Slate vs. Zerbeus (Zereo Killer &amp; Morbeus) &amp; Night Fighter Mad Dog<br>Referee: Guido Sandmann<\/p>\n\n\n\n<p>Non Title Match:<br>The End vs. Hollywood Jake<br>Referee: Mike Kontrak<\/p>\n\t\t<\/div>\n\t\t\t\t\t\t\t\n\t\t\t\t<\/div>\n\t\t\t<\/div>\n\t\t<\/div>\n\n\t\t\t\t\t\t\t<\/div>\n\n\t\t\n\t\t\n\t\t\t\t\t\t<\/div>\n\t\t\t\t<\/div>\n\t\t<div class=\"elementor-element elementor-element-1ab7036 e-con-full e-flex e-con e-child\" data-id=\"1ab7036\" data-element_type=\"container\" data-e-type=\"container\">\n\t\t\t\t<\/div>\n\t\t<div class=\"elementor-element elementor-element-36f0ab2 e-con-full e-flex e-con e-child\" data-id=\"36f0ab2\" data-element_type=\"container\" data-e-type=\"container\">\n\t\t\t\t<\/div>\n\t\t<div class=\"elementor-element elementor-element-d889dd7 e-con-full e-flex e-con e-child\" data-id=\"d889dd7\" data-element_type=\"container\" data-e-type=\"container\">\n\t\t\t\t<\/div>\n\t\t\t\t\t<\/div>\n\t\t\t\t<\/div>\n\t\t\t\t<\/div>\n\t\t","protected":false},"excerpt":{"rendered":"<p>DAS NEUESTE AUS DER GFCW-GALAXY Aktuelle Titeltr\u00e4ger GFCW Heavyweight TitleThe End (seit 14.12.2025) GFCW Intercontinental TitleZac Alonso (seit 08.03.2026) GFCW Tag Team TitleZerbeus: Zereo Killer und Morbeus (seit 08.03.2026) Anmeldung f\u00fcr den Newsletter Robert Breads: Die Statistik zum Karriereende \u2022 9. M\u00e4rz 2026 Bei der GFCW 25th Anniversary Show am 08.03.2026 war es soweit: Die&#8230;<\/p>\n","protected":false},"author":2,"featured_media":0,"parent":0,"menu_order":0,"comment_status":"closed","ping_status":"closed","template":"","meta":{"_kadence_starter_templates_imported_post":false,"_kad_post_transparent":"","_kad_post_title":"hide","_kad_post_layout":"fullwidth","_kad_post_sidebar_id":"","_kad_post_content_style":"unboxed","_kad_post_vertical_padding":"hide","_kad_post_feature":"hide","_kad_post_feature_position":"","_kad_post_header":false,"_kad_post_footer":false,"_kad_post_classname":"","footnotes":""},"class_list":["post-278","page","type-page","status-publish","hentry"],"_links":{"self":[{"href":"https:\/\/gfcw.de\/wp\/wp-json\/wp\/v2\/pages\/278","targetHints":{"allow":["GET"]}}],"collection":[{"href":"https:\/\/gfcw.de\/wp\/wp-json\/wp\/v2\/pages"}],"about":[{"href":"https:\/\/gfcw.de\/wp\/wp-json\/wp\/v2\/types\/page"}],"author":[{"embeddable":true,"href":"https:\/\/gfcw.de\/wp\/wp-json\/wp\/v2\/users\/2"}],"replies":[{"embeddable":true,"href":"https:\/\/gfcw.de\/wp\/wp-json\/wp\/v2\/comments?post=278"}],"version-history":[{"count":10,"href":"https:\/\/gfcw.de\/wp\/wp-json\/wp\/v2\/pages\/278\/revisions"}],"predecessor-version":[{"id":1911,"href":"https:\/\/gfcw.de\/wp\/wp-json\/wp\/v2\/pages\/278\/revisions\/1911"}],"wp:attachment":[{"href":"https:\/\/gfcw.de\/wp\/wp-json\/wp\/v2\/media?parent=278"}],"curies":[{"name":"wp","href":"https:\/\/api.w.org\/{rel}","templated":true}]}}